{"id":115,"date":"2023-05-08T13:06:23","date_gmt":"2023-05-08T11:06:23","guid":{"rendered":"https:\/\/endorsec.com\/?page_id=115"},"modified":"2023-06-25T08:24:09","modified_gmt":"2023-06-25T06:24:09","slug":"compliance-und-consulting","status":"publish","type":"page","link":"https:\/\/endorsec.com\/de\/services\/compliance-und-consulting\/","title":{"rendered":"Compliance und Consulting"},"content":{"rendered":"<div class=\"wp-block-image is-style-default\">\n<figure class=\"alignleft size-thumbnail is-resized\"><img loading=\"lazy\" decoding=\"async\" src=\"https:\/\/endorsec.com\/wp-content\/uploads\/2023\/05\/compliance-consulting-150x150.png\" alt=\"\" class=\"wp-image-141\" width=\"90\" height=\"90\" srcset=\"https:\/\/endorsec.com\/wp-content\/uploads\/2023\/05\/compliance-consulting-150x150.png 150w, https:\/\/endorsec.com\/wp-content\/uploads\/2023\/05\/compliance-consulting-300x300.png 300w, https:\/\/endorsec.com\/wp-content\/uploads\/2023\/05\/compliance-consulting.png 512w\" sizes=\"auto, (max-width: 90px) 100vw, 90px\" \/><\/figure>\n<\/div>\n\n\n<p>Wir bieten Ihnen Unterst\u00fctzung bei Ihren (regulatorischen) Compliance Themen an &#8211; ob HIPAA, PCI DSS oder NIST, wir k\u00f6nnen Ihnen helfen die strengen Compliance Anforderungen umzusetzen. Nat\u00fcrlich unters\u00fctzen wir auch gerne bei der Umsetzung entsprechender Standards und Zertifizierungen wie ISO 27001 oder BSI IT-Grundschutz und stehen dabei auch mit unserem fundiertem Security Consulting Know-How zur Verf\u00fcgung. <\/p>\n","protected":false},"excerpt":{"rendered":"<p>Wir bieten Ihnen Unterst\u00fctzung bei Ihren (regulatorischen) Compliance Themen an &#8211; ob HIPAA, PCI DSS oder NIST, wir k\u00f6nnen Ihnen helfen die strengen Compliance Anforderungen umzusetzen. Nat\u00fcrlich unters\u00fctzen wir auch &#8230;<\/p>\n","protected":false},"author":3,"featured_media":0,"parent":131,"menu_order":0,"comment_status":"closed","ping_status":"closed","template":"","meta":{"footnotes":""},"class_list":["post-115","page","type-page","status-publish","hentry"],"yoast_head":"<!-- This site is optimized with the Yoast SEO plugin v24.4 - https:\/\/yoast.com\/wordpress\/plugins\/seo\/ -->\n<title>Compliance und Consulting - endorsec.com<\/title>\n<meta name=\"robots\" content=\"index, follow, max-snippet:-1, max-image-preview:large, max-video-preview:-1\" \/>\n<link rel=\"canonical\" href=\"https:\/\/endorsec.com\/de\/services\/compliance-und-consulting\/\" \/>\n<meta property=\"og:locale\" content=\"de_DE\" \/>\n<meta property=\"og:type\" content=\"article\" \/>\n<meta property=\"og:title\" content=\"Compliance und Consulting - endorsec.com\" \/>\n<meta property=\"og:description\" content=\"Wir bieten Ihnen Unterst\u00fctzung bei Ihren (regulatorischen) Compliance Themen an &#8211; ob HIPAA, PCI DSS oder NIST, wir k\u00f6nnen Ihnen helfen die strengen Compliance Anforderungen umzusetzen. Nat\u00fcrlich unters\u00fctzen wir auch ...\" \/>\n<meta property=\"og:url\" content=\"https:\/\/endorsec.com\/de\/services\/compliance-und-consulting\/\" \/>\n<meta property=\"og:site_name\" content=\"endorsec.com\" \/>\n<meta property=\"article:modified_time\" content=\"2023-06-25T06:24:09+00:00\" \/>\n<meta property=\"og:image\" content=\"https:\/\/endorsec.com\/wp-content\/uploads\/2023\/05\/compliance-consulting-150x150.png\" \/>\n<meta name=\"twitter:card\" content=\"summary_large_image\" \/>\n<script type=\"application\/ld+json\" class=\"yoast-schema-graph\">{\"@context\":\"https:\/\/schema.org\",\"@graph\":[{\"@type\":\"WebPage\",\"@id\":\"https:\/\/endorsec.com\/de\/services\/compliance-und-consulting\/\",\"url\":\"https:\/\/endorsec.com\/de\/services\/compliance-und-consulting\/\",\"name\":\"Compliance und Consulting - endorsec.com\",\"isPartOf\":{\"@id\":\"https:\/\/endorsec.com\/de\/#website\"},\"primaryImageOfPage\":{\"@id\":\"https:\/\/endorsec.com\/de\/services\/compliance-und-consulting\/#primaryimage\"},\"image\":{\"@id\":\"https:\/\/endorsec.com\/de\/services\/compliance-und-consulting\/#primaryimage\"},\"thumbnailUrl\":\"https:\/\/endorsec.com\/wp-content\/uploads\/2023\/05\/compliance-consulting-150x150.png\",\"datePublished\":\"2023-05-08T11:06:23+00:00\",\"dateModified\":\"2023-06-25T06:24:09+00:00\",\"breadcrumb\":{\"@id\":\"https:\/\/endorsec.com\/de\/services\/compliance-und-consulting\/#breadcrumb\"},\"inLanguage\":\"de\",\"potentialAction\":[{\"@type\":\"ReadAction\",\"target\":[\"https:\/\/endorsec.com\/de\/services\/compliance-und-consulting\/\"]}]},{\"@type\":\"ImageObject\",\"inLanguage\":\"de\",\"@id\":\"https:\/\/endorsec.com\/de\/services\/compliance-und-consulting\/#primaryimage\",\"url\":\"https:\/\/endorsec.com\/wp-content\/uploads\/2023\/05\/compliance-consulting-150x150.png\",\"contentUrl\":\"https:\/\/endorsec.com\/wp-content\/uploads\/2023\/05\/compliance-consulting-150x150.png\"},{\"@type\":\"BreadcrumbList\",\"@id\":\"https:\/\/endorsec.com\/de\/services\/compliance-und-consulting\/#breadcrumb\",\"itemListElement\":[{\"@type\":\"ListItem\",\"position\":1,\"name\":\"Startseite\",\"item\":\"https:\/\/endorsec.com\/de\/\"},{\"@type\":\"ListItem\",\"position\":2,\"name\":\"Services\",\"item\":\"https:\/\/endorsec.com\/de\/services\/\"},{\"@type\":\"ListItem\",\"position\":3,\"name\":\"Compliance und Consulting\"}]},{\"@type\":\"WebSite\",\"@id\":\"https:\/\/endorsec.com\/de\/#website\",\"url\":\"https:\/\/endorsec.com\/de\/\",\"name\":\"endorsec.com\",\"description\":\"\",\"publisher\":{\"@id\":\"https:\/\/endorsec.com\/de\/#organization\"},\"potentialAction\":[{\"@type\":\"SearchAction\",\"target\":{\"@type\":\"EntryPoint\",\"urlTemplate\":\"https:\/\/endorsec.com\/de\/?s={search_term_string}\"},\"query-input\":{\"@type\":\"PropertyValueSpecification\",\"valueRequired\":true,\"valueName\":\"search_term_string\"}}],\"inLanguage\":\"de\"},{\"@type\":\"Organization\",\"@id\":\"https:\/\/endorsec.com\/de\/#organization\",\"name\":\"Endorsec GmbH\",\"url\":\"https:\/\/endorsec.com\/de\/\",\"logo\":{\"@type\":\"ImageObject\",\"inLanguage\":\"de\",\"@id\":\"https:\/\/endorsec.com\/de\/#\/schema\/logo\/image\/\",\"url\":\"https:\/\/endorsec.com\/wp-content\/uploads\/2023\/02\/Endorsec-Dark-bg.png\",\"contentUrl\":\"https:\/\/endorsec.com\/wp-content\/uploads\/2023\/02\/Endorsec-Dark-bg.png\",\"width\":5592,\"height\":1522,\"caption\":\"Endorsec GmbH\"},\"image\":{\"@id\":\"https:\/\/endorsec.com\/de\/#\/schema\/logo\/image\/\"},\"sameAs\":[\"https:\/\/linkedin.com\/company\/endorsec\"]}]}<\/script>\n<!-- \/ Yoast SEO plugin. -->","yoast_head_json":{"title":"Compliance und Consulting - endorsec.com","robots":{"index":"index","follow":"follow","max-snippet":"max-snippet:-1","max-image-preview":"max-image-preview:large","max-video-preview":"max-video-preview:-1"},"canonical":"https:\/\/endorsec.com\/de\/services\/compliance-und-consulting\/","og_locale":"de_DE","og_type":"article","og_title":"Compliance und Consulting - endorsec.com","og_description":"Wir bieten Ihnen Unterst\u00fctzung bei Ihren (regulatorischen) Compliance Themen an &#8211; ob HIPAA, PCI DSS oder NIST, wir k\u00f6nnen Ihnen helfen die strengen Compliance Anforderungen umzusetzen. Nat\u00fcrlich unters\u00fctzen wir auch ...","og_url":"https:\/\/endorsec.com\/de\/services\/compliance-und-consulting\/","og_site_name":"endorsec.com","article_modified_time":"2023-06-25T06:24:09+00:00","og_image":[{"url":"https:\/\/endorsec.com\/wp-content\/uploads\/2023\/05\/compliance-consulting-150x150.png","type":"","width":"","height":""}],"twitter_card":"summary_large_image","schema":{"@context":"https:\/\/schema.org","@graph":[{"@type":"WebPage","@id":"https:\/\/endorsec.com\/de\/services\/compliance-und-consulting\/","url":"https:\/\/endorsec.com\/de\/services\/compliance-und-consulting\/","name":"Compliance und Consulting - endorsec.com","isPartOf":{"@id":"https:\/\/endorsec.com\/de\/#website"},"primaryImageOfPage":{"@id":"https:\/\/endorsec.com\/de\/services\/compliance-und-consulting\/#primaryimage"},"image":{"@id":"https:\/\/endorsec.com\/de\/services\/compliance-und-consulting\/#primaryimage"},"thumbnailUrl":"https:\/\/endorsec.com\/wp-content\/uploads\/2023\/05\/compliance-consulting-150x150.png","datePublished":"2023-05-08T11:06:23+00:00","dateModified":"2023-06-25T06:24:09+00:00","breadcrumb":{"@id":"https:\/\/endorsec.com\/de\/services\/compliance-und-consulting\/#breadcrumb"},"inLanguage":"de","potentialAction":[{"@type":"ReadAction","target":["https:\/\/endorsec.com\/de\/services\/compliance-und-consulting\/"]}]},{"@type":"ImageObject","inLanguage":"de","@id":"https:\/\/endorsec.com\/de\/services\/compliance-und-consulting\/#primaryimage","url":"https:\/\/endorsec.com\/wp-content\/uploads\/2023\/05\/compliance-consulting-150x150.png","contentUrl":"https:\/\/endorsec.com\/wp-content\/uploads\/2023\/05\/compliance-consulting-150x150.png"},{"@type":"BreadcrumbList","@id":"https:\/\/endorsec.com\/de\/services\/compliance-und-consulting\/#breadcrumb","itemListElement":[{"@type":"ListItem","position":1,"name":"Startseite","item":"https:\/\/endorsec.com\/de\/"},{"@type":"ListItem","position":2,"name":"Services","item":"https:\/\/endorsec.com\/de\/services\/"},{"@type":"ListItem","position":3,"name":"Compliance und Consulting"}]},{"@type":"WebSite","@id":"https:\/\/endorsec.com\/de\/#website","url":"https:\/\/endorsec.com\/de\/","name":"endorsec.com","description":"","publisher":{"@id":"https:\/\/endorsec.com\/de\/#organization"},"potentialAction":[{"@type":"SearchAction","target":{"@type":"EntryPoint","urlTemplate":"https:\/\/endorsec.com\/de\/?s={search_term_string}"},"query-input":{"@type":"PropertyValueSpecification","valueRequired":true,"valueName":"search_term_string"}}],"inLanguage":"de"},{"@type":"Organization","@id":"https:\/\/endorsec.com\/de\/#organization","name":"Endorsec GmbH","url":"https:\/\/endorsec.com\/de\/","logo":{"@type":"ImageObject","inLanguage":"de","@id":"https:\/\/endorsec.com\/de\/#\/schema\/logo\/image\/","url":"https:\/\/endorsec.com\/wp-content\/uploads\/2023\/02\/Endorsec-Dark-bg.png","contentUrl":"https:\/\/endorsec.com\/wp-content\/uploads\/2023\/02\/Endorsec-Dark-bg.png","width":5592,"height":1522,"caption":"Endorsec GmbH"},"image":{"@id":"https:\/\/endorsec.com\/de\/#\/schema\/logo\/image\/"},"sameAs":["https:\/\/linkedin.com\/company\/endorsec"]}]}},"_links":{"self":[{"href":"https:\/\/endorsec.com\/de\/wp-json\/wp\/v2\/pages\/115","targetHints":{"allow":["GET"]}}],"collection":[{"href":"https:\/\/endorsec.com\/de\/wp-json\/wp\/v2\/pages"}],"about":[{"href":"https:\/\/endorsec.com\/de\/wp-json\/wp\/v2\/types\/page"}],"author":[{"embeddable":true,"href":"https:\/\/endorsec.com\/de\/wp-json\/wp\/v2\/users\/3"}],"replies":[{"embeddable":true,"href":"https:\/\/endorsec.com\/de\/wp-json\/wp\/v2\/comments?post=115"}],"version-history":[{"count":6,"href":"https:\/\/endorsec.com\/de\/wp-json\/wp\/v2\/pages\/115\/revisions"}],"predecessor-version":[{"id":336,"href":"https:\/\/endorsec.com\/de\/wp-json\/wp\/v2\/pages\/115\/revisions\/336"}],"up":[{"embeddable":true,"href":"https:\/\/endorsec.com\/de\/wp-json\/wp\/v2\/pages\/131"}],"wp:attachment":[{"href":"https:\/\/endorsec.com\/de\/wp-json\/wp\/v2\/media?parent=115"}],"curies":[{"name":"wp","href":"https:\/\/api.w.org\/{rel}","templated":true}]}}