{"id":169,"date":"2023-05-10T11:31:52","date_gmt":"2023-05-10T09:31:52","guid":{"rendered":"https:\/\/endorsec.com\/?page_id=169"},"modified":"2023-05-11T19:29:41","modified_gmt":"2023-05-11T17:29:41","slug":"deception-technology","status":"publish","type":"page","link":"https:\/\/endorsec.com\/de\/deception-technology\/","title":{"rendered":"Deception Technology"},"content":{"rendered":"\n<p>Deception Technology ist eine neue und innovative Methode zur Verbesserung Ihrer Sicherheitslage. Dabei werden K\u00f6der geschaffen, die Ihre tats\u00e4chlichen Systeme imitieren und es Angreifern erschweren, festzustellen, welche Systeme echt sind und welche nicht. Auf diese Weise verschwenden Angreifer ihre Zeit und Ressourcen mit dem Versuch, die K\u00f6der zu \u00fcbernehmen, w\u00e4hrend Sie gesch\u00fctzt bleiben und bereits auf die Angriffe reagieren k\u00f6nnen.<\/p>\n\n\n\n<p>Unser Expertenteam kann Sie bei der Implementierung und Verwaltung einer Deception Technology unterst\u00fctzen, um sicherzustellen, dass Ihr Unternehmen Angreifern immer einen Schritt voraus ist. Unsere Dienstleistungen umfassen:<\/p>\n\n\n\n<ul class=\"wp-block-list\">\n<li>Beratung zu Deception Technology: Wir bewerten die Sicherheitslage Ihres Unternehmens und empfehlen die beste Deception Technology f\u00fcr Ihre Bed\u00fcrfnisse.<\/li>\n\n\n\n<li>Bereitstellung der Deception Technology: Wir stellen die Deception Technology bereit, konfigurieren die K\u00f6derund integrieren sie in Ihre bestehenden Sicherheitssysteme wie zum Beispiel SIEM zum Alerting.<\/li>\n\n\n\n<li>Verwaltung der Deception Technology: Wir \u00fcberwachen und warten die Deception Technology, um sicherzustellen, dass sie stets auf dem neuesten Stand ist und optimal funktioniert.<\/li>\n<\/ul>\n\n\n\n<p>Wir sind uns bewusst, dass jedes Unternehmen anders ist, und deshalb passen wir unsere Dienstleistungen an Ihre speziellen Bed\u00fcrfnisse an. Unser Ziel ist es, Ihnen dabei zu helfen, vor Cyber-Bedrohungen gesch\u00fctzt zu bleiben, und unsere Deception Technology Services sind nur eine der vielen M\u00f6glichkeiten, wie wir das erreichen k\u00f6nnen.<\/p>\n","protected":false},"excerpt":{"rendered":"<p>Deception Technology ist eine neue und innovative Methode zur Verbesserung Ihrer Sicherheitslage. Dabei werden K\u00f6der geschaffen, die Ihre tats\u00e4chlichen Systeme imitieren und es Angreifern erschweren, festzustellen, welche Systeme echt sind &#8230;<\/p>\n","protected":false},"author":3,"featured_media":0,"parent":0,"menu_order":0,"comment_status":"closed","ping_status":"closed","template":"","meta":{"footnotes":""},"class_list":["post-169","page","type-page","status-publish","hentry"],"yoast_head":"<!-- This site is optimized with the Yoast SEO plugin v24.4 - https:\/\/yoast.com\/wordpress\/plugins\/seo\/ -->\n<title>Deception Technology - endorsec.com<\/title>\n<meta name=\"robots\" content=\"index, follow, max-snippet:-1, max-image-preview:large, max-video-preview:-1\" \/>\n<link rel=\"canonical\" href=\"https:\/\/endorsec.com\/de\/deception-technology\/\" \/>\n<meta property=\"og:locale\" content=\"de_DE\" \/>\n<meta property=\"og:type\" content=\"article\" \/>\n<meta property=\"og:title\" content=\"Deception Technology - endorsec.com\" \/>\n<meta property=\"og:description\" content=\"Deception Technology ist eine neue und innovative Methode zur Verbesserung Ihrer Sicherheitslage. Dabei werden K\u00f6der geschaffen, die Ihre tats\u00e4chlichen Systeme imitieren und es Angreifern erschweren, festzustellen, welche Systeme echt sind ...\" \/>\n<meta property=\"og:url\" content=\"https:\/\/endorsec.com\/de\/deception-technology\/\" \/>\n<meta property=\"og:site_name\" content=\"endorsec.com\" \/>\n<meta property=\"article:modified_time\" content=\"2023-05-11T17:29:41+00:00\" \/>\n<meta name=\"twitter:card\" content=\"summary_large_image\" \/>\n<meta name=\"twitter:label1\" content=\"Gesch\u00e4tzte Lesezeit\" \/>\n\t<meta name=\"twitter:data1\" content=\"1\u00a0Minute\" \/>\n<script type=\"application\/ld+json\" class=\"yoast-schema-graph\">{\"@context\":\"https:\/\/schema.org\",\"@graph\":[{\"@type\":\"WebPage\",\"@id\":\"https:\/\/endorsec.com\/de\/deception-technology\/\",\"url\":\"https:\/\/endorsec.com\/de\/deception-technology\/\",\"name\":\"Deception Technology - endorsec.com\",\"isPartOf\":{\"@id\":\"https:\/\/endorsec.com\/de\/#website\"},\"datePublished\":\"2023-05-10T09:31:52+00:00\",\"dateModified\":\"2023-05-11T17:29:41+00:00\",\"breadcrumb\":{\"@id\":\"https:\/\/endorsec.com\/de\/deception-technology\/#breadcrumb\"},\"inLanguage\":\"de\",\"potentialAction\":[{\"@type\":\"ReadAction\",\"target\":[\"https:\/\/endorsec.com\/de\/deception-technology\/\"]}]},{\"@type\":\"BreadcrumbList\",\"@id\":\"https:\/\/endorsec.com\/de\/deception-technology\/#breadcrumb\",\"itemListElement\":[{\"@type\":\"ListItem\",\"position\":1,\"name\":\"Startseite\",\"item\":\"https:\/\/endorsec.com\/de\/\"},{\"@type\":\"ListItem\",\"position\":2,\"name\":\"Deception Technology\"}]},{\"@type\":\"WebSite\",\"@id\":\"https:\/\/endorsec.com\/de\/#website\",\"url\":\"https:\/\/endorsec.com\/de\/\",\"name\":\"endorsec.com\",\"description\":\"\",\"publisher\":{\"@id\":\"https:\/\/endorsec.com\/de\/#organization\"},\"potentialAction\":[{\"@type\":\"SearchAction\",\"target\":{\"@type\":\"EntryPoint\",\"urlTemplate\":\"https:\/\/endorsec.com\/de\/?s={search_term_string}\"},\"query-input\":{\"@type\":\"PropertyValueSpecification\",\"valueRequired\":true,\"valueName\":\"search_term_string\"}}],\"inLanguage\":\"de\"},{\"@type\":\"Organization\",\"@id\":\"https:\/\/endorsec.com\/de\/#organization\",\"name\":\"Endorsec GmbH\",\"url\":\"https:\/\/endorsec.com\/de\/\",\"logo\":{\"@type\":\"ImageObject\",\"inLanguage\":\"de\",\"@id\":\"https:\/\/endorsec.com\/de\/#\/schema\/logo\/image\/\",\"url\":\"https:\/\/endorsec.com\/wp-content\/uploads\/2023\/02\/Endorsec-Dark-bg.png\",\"contentUrl\":\"https:\/\/endorsec.com\/wp-content\/uploads\/2023\/02\/Endorsec-Dark-bg.png\",\"width\":5592,\"height\":1522,\"caption\":\"Endorsec GmbH\"},\"image\":{\"@id\":\"https:\/\/endorsec.com\/de\/#\/schema\/logo\/image\/\"},\"sameAs\":[\"https:\/\/linkedin.com\/company\/endorsec\"]}]}<\/script>\n<!-- \/ Yoast SEO plugin. -->","yoast_head_json":{"title":"Deception Technology - endorsec.com","robots":{"index":"index","follow":"follow","max-snippet":"max-snippet:-1","max-image-preview":"max-image-preview:large","max-video-preview":"max-video-preview:-1"},"canonical":"https:\/\/endorsec.com\/de\/deception-technology\/","og_locale":"de_DE","og_type":"article","og_title":"Deception Technology - endorsec.com","og_description":"Deception Technology ist eine neue und innovative Methode zur Verbesserung Ihrer Sicherheitslage. Dabei werden K\u00f6der geschaffen, die Ihre tats\u00e4chlichen Systeme imitieren und es Angreifern erschweren, festzustellen, welche Systeme echt sind ...","og_url":"https:\/\/endorsec.com\/de\/deception-technology\/","og_site_name":"endorsec.com","article_modified_time":"2023-05-11T17:29:41+00:00","twitter_card":"summary_large_image","twitter_misc":{"Gesch\u00e4tzte Lesezeit":"1\u00a0Minute"},"schema":{"@context":"https:\/\/schema.org","@graph":[{"@type":"WebPage","@id":"https:\/\/endorsec.com\/de\/deception-technology\/","url":"https:\/\/endorsec.com\/de\/deception-technology\/","name":"Deception Technology - endorsec.com","isPartOf":{"@id":"https:\/\/endorsec.com\/de\/#website"},"datePublished":"2023-05-10T09:31:52+00:00","dateModified":"2023-05-11T17:29:41+00:00","breadcrumb":{"@id":"https:\/\/endorsec.com\/de\/deception-technology\/#breadcrumb"},"inLanguage":"de","potentialAction":[{"@type":"ReadAction","target":["https:\/\/endorsec.com\/de\/deception-technology\/"]}]},{"@type":"BreadcrumbList","@id":"https:\/\/endorsec.com\/de\/deception-technology\/#breadcrumb","itemListElement":[{"@type":"ListItem","position":1,"name":"Startseite","item":"https:\/\/endorsec.com\/de\/"},{"@type":"ListItem","position":2,"name":"Deception Technology"}]},{"@type":"WebSite","@id":"https:\/\/endorsec.com\/de\/#website","url":"https:\/\/endorsec.com\/de\/","name":"endorsec.com","description":"","publisher":{"@id":"https:\/\/endorsec.com\/de\/#organization"},"potentialAction":[{"@type":"SearchAction","target":{"@type":"EntryPoint","urlTemplate":"https:\/\/endorsec.com\/de\/?s={search_term_string}"},"query-input":{"@type":"PropertyValueSpecification","valueRequired":true,"valueName":"search_term_string"}}],"inLanguage":"de"},{"@type":"Organization","@id":"https:\/\/endorsec.com\/de\/#organization","name":"Endorsec GmbH","url":"https:\/\/endorsec.com\/de\/","logo":{"@type":"ImageObject","inLanguage":"de","@id":"https:\/\/endorsec.com\/de\/#\/schema\/logo\/image\/","url":"https:\/\/endorsec.com\/wp-content\/uploads\/2023\/02\/Endorsec-Dark-bg.png","contentUrl":"https:\/\/endorsec.com\/wp-content\/uploads\/2023\/02\/Endorsec-Dark-bg.png","width":5592,"height":1522,"caption":"Endorsec GmbH"},"image":{"@id":"https:\/\/endorsec.com\/de\/#\/schema\/logo\/image\/"},"sameAs":["https:\/\/linkedin.com\/company\/endorsec"]}]}},"_links":{"self":[{"href":"https:\/\/endorsec.com\/de\/wp-json\/wp\/v2\/pages\/169","targetHints":{"allow":["GET"]}}],"collection":[{"href":"https:\/\/endorsec.com\/de\/wp-json\/wp\/v2\/pages"}],"about":[{"href":"https:\/\/endorsec.com\/de\/wp-json\/wp\/v2\/types\/page"}],"author":[{"embeddable":true,"href":"https:\/\/endorsec.com\/de\/wp-json\/wp\/v2\/users\/3"}],"replies":[{"embeddable":true,"href":"https:\/\/endorsec.com\/de\/wp-json\/wp\/v2\/comments?post=169"}],"version-history":[{"count":2,"href":"https:\/\/endorsec.com\/de\/wp-json\/wp\/v2\/pages\/169\/revisions"}],"predecessor-version":[{"id":258,"href":"https:\/\/endorsec.com\/de\/wp-json\/wp\/v2\/pages\/169\/revisions\/258"}],"wp:attachment":[{"href":"https:\/\/endorsec.com\/de\/wp-json\/wp\/v2\/media?parent=169"}],"curies":[{"name":"wp","href":"https:\/\/api.w.org\/{rel}","templated":true}]}}