{"id":351,"date":"2023-05-10T11:31:14","date_gmt":"2023-05-10T09:31:14","guid":{"rendered":"https:\/\/endorsec.com\/digitale-forensik\/"},"modified":"2023-06-25T13:20:19","modified_gmt":"2023-06-25T11:20:19","slug":"digitale-forensik","status":"publish","type":"page","link":"https:\/\/endorsec.com\/de\/digitale-forensik\/","title":{"rendered":"Digitale Forensik"},"content":{"rendered":"<div class=\"wp-block-image\">\n<figure class=\"alignright is-resized\"><img loading=\"lazy\" decoding=\"async\" src=\"https:\/\/endorsec.com\/wp-content\/uploads\/2023\/06\/immo-wegmann-2TL6RxRTwnk-unsplash-1024x681.jpg\" alt=\"\" class=\"wp-image-462\" width=\"441\" height=\"293\" srcset=\"https:\/\/endorsec.com\/wp-content\/uploads\/2023\/06\/immo-wegmann-2TL6RxRTwnk-unsplash-1024x681.jpg 1024w, https:\/\/endorsec.com\/wp-content\/uploads\/2023\/06\/immo-wegmann-2TL6RxRTwnk-unsplash-300x199.jpg 300w, https:\/\/endorsec.com\/wp-content\/uploads\/2023\/06\/immo-wegmann-2TL6RxRTwnk-unsplash-768x511.jpg 768w, https:\/\/endorsec.com\/wp-content\/uploads\/2023\/06\/immo-wegmann-2TL6RxRTwnk-unsplash-1536x1021.jpg 1536w, https:\/\/endorsec.com\/wp-content\/uploads\/2023\/06\/immo-wegmann-2TL6RxRTwnk-unsplash-2048x1362.jpg 2048w\" sizes=\"auto, (max-width: 441px) 100vw, 441px\" \/><\/figure>\n<\/div>\n<p>Unter digitaler Forensik versteht man das Sammeln, Bewahren, Analysieren und Darstellen digitaler Beweise in einer Form, die in Gerichtsverfahren verwendet werden kann. Sie ist ein wichtiger Bestandteil jeder Untersuchung eines Vorfalls und kann Ihnen helfen, die Quelle des Angriffs, das Ausma\u00df des Schadens und die Schritte zu bestimmen, die Sie unternehmen m\u00fcssen, um \u00e4hnliche Vorf\u00e4lle in Zukunft zu verhindern.<\/p>\n\n<p>Wenn Sie Endorsec mit der Durchf\u00fchrung digitaler Forensik beauftragen, folgen wir einem vordefinierten Verfahren:<\/p>\n\n<ol class=\"wp-block-list\">\n<li><strong>Beweismittelerfassung:<\/strong> Dazu geh\u00f6rt die Erstellung eines forensischen Bildes (Imaging) des Beweismittels. Dies sollte geschehen, um eine Manipulation der Originalbeweise zu vermeiden.<\/li>\n\n\n\n<li><strong>Verifizierung:<\/strong> \u00dcberpr\u00fcfen Sie die Echtheit der gesammelten Beweise. Erstellen Sie Datei-Hashes und stellen Sie sicher, dass die gesammelten Beweise eine 1:1-Kopie der Originalbeweise sind.<\/li>\n\n\n\n<li><strong>Aufbewahrung von Beweismaterial:<\/strong> Stellen Sie sicher, dass die gesammelten Beweise sicher und f\u00e4lschungssicher aufbewahrt werden. Stellen Sie sicher, dass nur befugtes Personal Zugang zu den Beweismitteln hat und dass diese nicht ver\u00e4ndert werden k\u00f6nnen.<\/li>\n\n\n\n<li><strong>Analyse:<\/strong> Dies ist der eigentliche Untersuchungsschritt. Finden und extrahieren von relevanten Artefakten aus dem Beweismaterial. Finden der Nadel im Heuhaufen &#8211; wie kam es zur Infektion, welches System diente den Angreifern als Br\u00fcckenkopf, wo befindet sich Patient Zero, und wie k\u00f6nnten sich die Angreifer in Ihrer Umgebung bewegt haben. Versuch, Antworten auf das Wer, Wann, Was, Wo und Warum eines Angriffs zu finden.<\/li>\n\n\n\n<li><strong>Validierung:<\/strong> Validierung und Wiederholung der Analyse \u00dcberpr\u00fcfung durch Fachkollegen, aber auch Sicherstellung, dass die durchgef\u00fchrte Analyse solide und vern\u00fcnftig ist. Sicher stellen, dass alle Artefakte erfasst sind, damit die Analyse wiederholbar ist und keine Fragen aufwirft.<\/li>\n<\/ol>\n\n<p>Die digitale Forensik ist ein komplexer Prozess und erfordert engagierte Spezialisten, um sicherzustellen, dass keine Daten ver\u00e4ndert werden und keine wertvollen Beweise w\u00e4hrend eines Wiederherstellungsprozesses verloren gehen. Endorsec kann Ihnen genau diese Spezialisten zur Verf\u00fcgung stellen und verf\u00fcgt \u00fcber das notwendige Wissen, um Ihre Ermittlungen zu unterst\u00fctzen und zu l\u00f6sen.<\/p>\n","protected":false},"excerpt":{"rendered":"<p>Unter digitaler Forensik versteht man das Sammeln, Bewahren, Analysieren und Darstellen digitaler Beweise in einer Form, die in Gerichtsverfahren verwendet werden kann. Sie ist ein wichtiger Bestandteil jeder Untersuchung eines &#8230;<\/p>\n","protected":false},"author":3,"featured_media":0,"parent":0,"menu_order":0,"comment_status":"closed","ping_status":"closed","template":"","meta":{"footnotes":""},"class_list":["post-351","page","type-page","status-publish","hentry"],"yoast_head":"<!-- This site is optimized with the Yoast SEO plugin v24.4 - https:\/\/yoast.com\/wordpress\/plugins\/seo\/ -->\n<title>Digitale Forensik - endorsec.com<\/title>\n<meta name=\"robots\" content=\"index, follow, max-snippet:-1, max-image-preview:large, max-video-preview:-1\" \/>\n<link rel=\"canonical\" href=\"https:\/\/endorsec.com\/de\/digitale-forensik\/\" \/>\n<meta property=\"og:locale\" content=\"de_DE\" \/>\n<meta property=\"og:type\" content=\"article\" \/>\n<meta property=\"og:title\" content=\"Digitale Forensik - endorsec.com\" \/>\n<meta property=\"og:description\" content=\"Unter digitaler Forensik versteht man das Sammeln, Bewahren, Analysieren und Darstellen digitaler Beweise in einer Form, die in Gerichtsverfahren verwendet werden kann. Sie ist ein wichtiger Bestandteil jeder Untersuchung eines ...\" \/>\n<meta property=\"og:url\" content=\"https:\/\/endorsec.com\/de\/digitale-forensik\/\" \/>\n<meta property=\"og:site_name\" content=\"endorsec.com\" \/>\n<meta property=\"article:modified_time\" content=\"2023-06-25T11:20:19+00:00\" \/>\n<meta property=\"og:image\" content=\"https:\/\/endorsec.com\/wp-content\/uploads\/2023\/06\/immo-wegmann-2TL6RxRTwnk-unsplash-1024x681.jpg\" \/>\n<meta name=\"twitter:card\" content=\"summary_large_image\" \/>\n<meta name=\"twitter:label1\" content=\"Gesch\u00e4tzte Lesezeit\" \/>\n\t<meta name=\"twitter:data1\" content=\"2\u00a0Minuten\" \/>\n<script type=\"application\/ld+json\" class=\"yoast-schema-graph\">{\"@context\":\"https:\/\/schema.org\",\"@graph\":[{\"@type\":\"WebPage\",\"@id\":\"https:\/\/endorsec.com\/de\/digitale-forensik\/\",\"url\":\"https:\/\/endorsec.com\/de\/digitale-forensik\/\",\"name\":\"Digitale Forensik - endorsec.com\",\"isPartOf\":{\"@id\":\"https:\/\/endorsec.com\/de\/#website\"},\"primaryImageOfPage\":{\"@id\":\"https:\/\/endorsec.com\/de\/digitale-forensik\/#primaryimage\"},\"image\":{\"@id\":\"https:\/\/endorsec.com\/de\/digitale-forensik\/#primaryimage\"},\"thumbnailUrl\":\"https:\/\/endorsec.com\/wp-content\/uploads\/2023\/06\/immo-wegmann-2TL6RxRTwnk-unsplash-1024x681.jpg\",\"datePublished\":\"2023-05-10T09:31:14+00:00\",\"dateModified\":\"2023-06-25T11:20:19+00:00\",\"breadcrumb\":{\"@id\":\"https:\/\/endorsec.com\/de\/digitale-forensik\/#breadcrumb\"},\"inLanguage\":\"de\",\"potentialAction\":[{\"@type\":\"ReadAction\",\"target\":[\"https:\/\/endorsec.com\/de\/digitale-forensik\/\"]}]},{\"@type\":\"ImageObject\",\"inLanguage\":\"de\",\"@id\":\"https:\/\/endorsec.com\/de\/digitale-forensik\/#primaryimage\",\"url\":\"https:\/\/endorsec.com\/wp-content\/uploads\/2023\/06\/immo-wegmann-2TL6RxRTwnk-unsplash-1024x681.jpg\",\"contentUrl\":\"https:\/\/endorsec.com\/wp-content\/uploads\/2023\/06\/immo-wegmann-2TL6RxRTwnk-unsplash-1024x681.jpg\"},{\"@type\":\"BreadcrumbList\",\"@id\":\"https:\/\/endorsec.com\/de\/digitale-forensik\/#breadcrumb\",\"itemListElement\":[{\"@type\":\"ListItem\",\"position\":1,\"name\":\"Startseite\",\"item\":\"https:\/\/endorsec.com\/de\/\"},{\"@type\":\"ListItem\",\"position\":2,\"name\":\"Digitale Forensik\"}]},{\"@type\":\"WebSite\",\"@id\":\"https:\/\/endorsec.com\/de\/#website\",\"url\":\"https:\/\/endorsec.com\/de\/\",\"name\":\"endorsec.com\",\"description\":\"\",\"publisher\":{\"@id\":\"https:\/\/endorsec.com\/de\/#organization\"},\"potentialAction\":[{\"@type\":\"SearchAction\",\"target\":{\"@type\":\"EntryPoint\",\"urlTemplate\":\"https:\/\/endorsec.com\/de\/?s={search_term_string}\"},\"query-input\":{\"@type\":\"PropertyValueSpecification\",\"valueRequired\":true,\"valueName\":\"search_term_string\"}}],\"inLanguage\":\"de\"},{\"@type\":\"Organization\",\"@id\":\"https:\/\/endorsec.com\/de\/#organization\",\"name\":\"Endorsec GmbH\",\"url\":\"https:\/\/endorsec.com\/de\/\",\"logo\":{\"@type\":\"ImageObject\",\"inLanguage\":\"de\",\"@id\":\"https:\/\/endorsec.com\/de\/#\/schema\/logo\/image\/\",\"url\":\"https:\/\/endorsec.com\/wp-content\/uploads\/2023\/02\/Endorsec-Dark-bg.png\",\"contentUrl\":\"https:\/\/endorsec.com\/wp-content\/uploads\/2023\/02\/Endorsec-Dark-bg.png\",\"width\":5592,\"height\":1522,\"caption\":\"Endorsec GmbH\"},\"image\":{\"@id\":\"https:\/\/endorsec.com\/de\/#\/schema\/logo\/image\/\"},\"sameAs\":[\"https:\/\/linkedin.com\/company\/endorsec\"]}]}<\/script>\n<!-- \/ Yoast SEO plugin. -->","yoast_head_json":{"title":"Digitale Forensik - endorsec.com","robots":{"index":"index","follow":"follow","max-snippet":"max-snippet:-1","max-image-preview":"max-image-preview:large","max-video-preview":"max-video-preview:-1"},"canonical":"https:\/\/endorsec.com\/de\/digitale-forensik\/","og_locale":"de_DE","og_type":"article","og_title":"Digitale Forensik - endorsec.com","og_description":"Unter digitaler Forensik versteht man das Sammeln, Bewahren, Analysieren und Darstellen digitaler Beweise in einer Form, die in Gerichtsverfahren verwendet werden kann. Sie ist ein wichtiger Bestandteil jeder Untersuchung eines ...","og_url":"https:\/\/endorsec.com\/de\/digitale-forensik\/","og_site_name":"endorsec.com","article_modified_time":"2023-06-25T11:20:19+00:00","og_image":[{"url":"https:\/\/endorsec.com\/wp-content\/uploads\/2023\/06\/immo-wegmann-2TL6RxRTwnk-unsplash-1024x681.jpg","type":"","width":"","height":""}],"twitter_card":"summary_large_image","twitter_misc":{"Gesch\u00e4tzte Lesezeit":"2\u00a0Minuten"},"schema":{"@context":"https:\/\/schema.org","@graph":[{"@type":"WebPage","@id":"https:\/\/endorsec.com\/de\/digitale-forensik\/","url":"https:\/\/endorsec.com\/de\/digitale-forensik\/","name":"Digitale Forensik - endorsec.com","isPartOf":{"@id":"https:\/\/endorsec.com\/de\/#website"},"primaryImageOfPage":{"@id":"https:\/\/endorsec.com\/de\/digitale-forensik\/#primaryimage"},"image":{"@id":"https:\/\/endorsec.com\/de\/digitale-forensik\/#primaryimage"},"thumbnailUrl":"https:\/\/endorsec.com\/wp-content\/uploads\/2023\/06\/immo-wegmann-2TL6RxRTwnk-unsplash-1024x681.jpg","datePublished":"2023-05-10T09:31:14+00:00","dateModified":"2023-06-25T11:20:19+00:00","breadcrumb":{"@id":"https:\/\/endorsec.com\/de\/digitale-forensik\/#breadcrumb"},"inLanguage":"de","potentialAction":[{"@type":"ReadAction","target":["https:\/\/endorsec.com\/de\/digitale-forensik\/"]}]},{"@type":"ImageObject","inLanguage":"de","@id":"https:\/\/endorsec.com\/de\/digitale-forensik\/#primaryimage","url":"https:\/\/endorsec.com\/wp-content\/uploads\/2023\/06\/immo-wegmann-2TL6RxRTwnk-unsplash-1024x681.jpg","contentUrl":"https:\/\/endorsec.com\/wp-content\/uploads\/2023\/06\/immo-wegmann-2TL6RxRTwnk-unsplash-1024x681.jpg"},{"@type":"BreadcrumbList","@id":"https:\/\/endorsec.com\/de\/digitale-forensik\/#breadcrumb","itemListElement":[{"@type":"ListItem","position":1,"name":"Startseite","item":"https:\/\/endorsec.com\/de\/"},{"@type":"ListItem","position":2,"name":"Digitale Forensik"}]},{"@type":"WebSite","@id":"https:\/\/endorsec.com\/de\/#website","url":"https:\/\/endorsec.com\/de\/","name":"endorsec.com","description":"","publisher":{"@id":"https:\/\/endorsec.com\/de\/#organization"},"potentialAction":[{"@type":"SearchAction","target":{"@type":"EntryPoint","urlTemplate":"https:\/\/endorsec.com\/de\/?s={search_term_string}"},"query-input":{"@type":"PropertyValueSpecification","valueRequired":true,"valueName":"search_term_string"}}],"inLanguage":"de"},{"@type":"Organization","@id":"https:\/\/endorsec.com\/de\/#organization","name":"Endorsec GmbH","url":"https:\/\/endorsec.com\/de\/","logo":{"@type":"ImageObject","inLanguage":"de","@id":"https:\/\/endorsec.com\/de\/#\/schema\/logo\/image\/","url":"https:\/\/endorsec.com\/wp-content\/uploads\/2023\/02\/Endorsec-Dark-bg.png","contentUrl":"https:\/\/endorsec.com\/wp-content\/uploads\/2023\/02\/Endorsec-Dark-bg.png","width":5592,"height":1522,"caption":"Endorsec GmbH"},"image":{"@id":"https:\/\/endorsec.com\/de\/#\/schema\/logo\/image\/"},"sameAs":["https:\/\/linkedin.com\/company\/endorsec"]}]}},"_links":{"self":[{"href":"https:\/\/endorsec.com\/de\/wp-json\/wp\/v2\/pages\/351","targetHints":{"allow":["GET"]}}],"collection":[{"href":"https:\/\/endorsec.com\/de\/wp-json\/wp\/v2\/pages"}],"about":[{"href":"https:\/\/endorsec.com\/de\/wp-json\/wp\/v2\/types\/page"}],"author":[{"embeddable":true,"href":"https:\/\/endorsec.com\/de\/wp-json\/wp\/v2\/users\/3"}],"replies":[{"embeddable":true,"href":"https:\/\/endorsec.com\/de\/wp-json\/wp\/v2\/comments?post=351"}],"version-history":[{"count":4,"href":"https:\/\/endorsec.com\/de\/wp-json\/wp\/v2\/pages\/351\/revisions"}],"predecessor-version":[{"id":470,"href":"https:\/\/endorsec.com\/de\/wp-json\/wp\/v2\/pages\/351\/revisions\/470"}],"wp:attachment":[{"href":"https:\/\/endorsec.com\/de\/wp-json\/wp\/v2\/media?parent=351"}],"curies":[{"name":"wp","href":"https:\/\/api.w.org\/{rel}","templated":true}]}}