{"id":412,"date":"2023-05-10T11:12:03","date_gmt":"2023-05-10T09:12:03","guid":{"rendered":"https:\/\/endorsec.com\/red-team-engagement\/"},"modified":"2023-06-25T19:26:23","modified_gmt":"2023-06-25T17:26:23","slug":"red-team-engagement","status":"publish","type":"page","link":"https:\/\/endorsec.com\/de\/red-team-engagement\/","title":{"rendered":"Red Team Engagement"},"content":{"rendered":"\n<p>Unser fachkundiges Red Team bietet eine umfassende und realistische Simulation realer Angriffsszenarien und hilft Ihnen, Schwachstellen aufzudecken und Ihre allgemeine Sicherheitslage zu verbessern. Ein Red-Team-Einsatz ist in der Regel viel umfassender als unsere Penetrationstests und viel realistischer als einfache Tests oder Schwachstellen-Scans. Wir agieren wie richtige Angreifer und versuchen Ihre Abwehr zu umgehen. Damit helfen wir Ihrem Unternehmen besser zu werden und Schwachstellen aufzudecken. Angreifern haben keine Grenzen, und dem Testen sollte es auch nicht sein &#8211; &#8220;out of scope&#8221; ist Angreifern nicht bekannt.<\/p>\n\n<p>Die Dienstleistungen, die wir w\u00e4hrend unserer Red-Team-Eins\u00e4tze anbieten, sind:<\/p>\n\n<p><\/p>\n\n<div class=\"wp-block-columns is-layout-flex wp-container-core-columns-is-layout-9d6595d7 wp-block-columns-is-layout-flex\">\n<div class=\"wp-block-column is-layout-flow wp-block-column-is-layout-flow\">\n<p><img loading=\"lazy\" decoding=\"async\" width=\"90\" height=\"90\" class=\"wp-image-138\" style=\"width: 90px;\" src=\"https:\/\/endorsec.com\/wp-content\/uploads\/2023\/05\/offensive-security.png\" alt=\"\" srcset=\"https:\/\/endorsec.com\/wp-content\/uploads\/2023\/05\/offensive-security.png 512w, https:\/\/endorsec.com\/wp-content\/uploads\/2023\/05\/offensive-security-300x300.png 300w, https:\/\/endorsec.com\/wp-content\/uploads\/2023\/05\/offensive-security-150x150.png 150w\" sizes=\"auto, (max-width: 90px) 100vw, 90px\" \/><\/p>\n\n\n\n<h4 class=\"wp-block-heading\">Erweiterte Bedrohungssimulation<\/h4>\n\n\n\n<p>Unser hochqualifiziertes Team von ethischen Hackern setzt die neuesten Techniken und Methoden ein, um die Taktiken, Techniken und Verfahren (TTPs) zu replizieren, die von echten Angreifern verwendet werden. Wir simulieren gezielte Angriffe und Infiltrationsversuche, um Schwachstellen in der Abwehr Ihres Unternehmens zu ermitteln und eine umfassende Bewertung Ihrer Sicherheitskontrollen zu gew\u00e4hrleisten.<\/p>\n<\/div>\n\n\n\n<div class=\"wp-block-column is-layout-flow wp-block-column-is-layout-flow\">\n<p><img loading=\"lazy\" decoding=\"async\" width=\"90\" height=\"90\" class=\"wp-image-445\" style=\"width: 90px;\" src=\"https:\/\/endorsec.com\/wp-content\/uploads\/2023\/06\/battle.png\" alt=\"\" srcset=\"https:\/\/endorsec.com\/wp-content\/uploads\/2023\/06\/battle.png 512w, https:\/\/endorsec.com\/wp-content\/uploads\/2023\/06\/battle-300x300.png 300w, https:\/\/endorsec.com\/wp-content\/uploads\/2023\/06\/battle-150x150.png 150w\" sizes=\"auto, (max-width: 90px) 100vw, 90px\" \/><\/p>\n\n\n\n<h4 class=\"wp-block-heading\">Realistische szenariobasierte Bewertungen<\/h4>\n\n\n\n<p>Unsere Red-Team-Eins\u00e4tze gehen \u00fcber das traditionelle Scannen von Schwachstellen hinaus. Wir f\u00fchren mehrschichtige, szenariobasierte Bewertungen durch, die die Taktiken tats\u00e4chlicher Angreifer imitieren. Indem wir die Reaktionsf\u00e4higkeit Ihres Unternehmens testen, helfen wir Ihnen, L\u00fccken und Schwachstellen in Ihren Verfahren zur Erkennung, Reaktion und Wiederherstellung von Vorf\u00e4llen zu erkennen.<\/p>\n<\/div>\n\n\n\n<div class=\"wp-block-column is-layout-flow wp-block-column-is-layout-flow\">\n<p><img loading=\"lazy\" decoding=\"async\" width=\"90\" height=\"90\" class=\"wp-image-447\" style=\"width: 90px;\" src=\"https:\/\/endorsec.com\/wp-content\/uploads\/2023\/06\/statistics.png\" alt=\"\" srcset=\"https:\/\/endorsec.com\/wp-content\/uploads\/2023\/06\/statistics.png 512w, https:\/\/endorsec.com\/wp-content\/uploads\/2023\/06\/statistics-300x300.png 300w, https:\/\/endorsec.com\/wp-content\/uploads\/2023\/06\/statistics-150x150.png 150w\" sizes=\"auto, (max-width: 90px) 100vw, 90px\" \/><\/p>\n\n\n\n<h4 class=\"wp-block-heading\">Strategische Einblicke und Empfehlungen<\/h4>\n\n\n\n<p>Unser Red Team identifiziert nicht nur Schwachstellen, sondern liefert auch strategische Erkenntnisse und umsetzbare Empfehlungen zur St\u00e4rkung Ihrer Sicherheitsinfrastruktur und zur Messung der Effizienz Ihres Blue Teams. Wir arbeiten eng mit Ihrem Unternehmen zusammen, um Sie bei der Priorisierung von Abhilfema\u00dfnahmen zu unterst\u00fctzen und Ihre allgemeine Sicherheitslage zu verbessern. Unser Ziel ist es, Sie beim Aufbau einer stabilen Verteidigung zu unterst\u00fctzen, die auch realen Bedrohungen standh\u00e4lt.<\/p>\n<\/div>\n<\/div>\n\n<div class=\"wp-block-columns is-layout-flex wp-container-core-columns-is-layout-9d6595d7 wp-block-columns-is-layout-flex\">\n<div class=\"wp-block-column is-layout-flow wp-block-column-is-layout-flow\">\n<p><img loading=\"lazy\" decoding=\"async\" width=\"90\" height=\"90\" class=\"wp-image-449\" style=\"width: 90px;\" src=\"https:\/\/endorsec.com\/wp-content\/uploads\/2023\/06\/brainstorming.png\" alt=\"\" srcset=\"https:\/\/endorsec.com\/wp-content\/uploads\/2023\/06\/brainstorming.png 512w, https:\/\/endorsec.com\/wp-content\/uploads\/2023\/06\/brainstorming-300x300.png 300w, https:\/\/endorsec.com\/wp-content\/uploads\/2023\/06\/brainstorming-150x150.png 150w\" sizes=\"auto, (max-width: 90px) 100vw, 90px\" \/><\/p>\n\n\n\n<h4 class=\"wp-block-heading\">Kooperation und Wissenstransfer<\/h4>\n\n\n\n<p>W\u00e4hrend des gesamten Einsatzes f\u00f6rdern wir die Zusammenarbeit und den Wissenstransfer und arbeiten eng mit Ihren internen Teams zusammen, um Erkenntnisse, bew\u00e4hrte Verfahren und neue Bedrohungsdaten auszutauschen. Wir sind der Meinung, dass Ihr Unternehmen in die Lage versetzt werden sollte, ein st\u00e4ndiges Sicherheitsdenken zu entwickeln und interne F\u00e4higkeiten aufzubauen, um k\u00fcnftige Angriffe effektiv zu erkennen, zu verhindern und darauf zu reagieren. <\/p>\n<\/div>\n\n\n\n<div class=\"wp-block-column is-layout-flow wp-block-column-is-layout-flow\">\n<h4 class=\"wp-block-heading\"><img loading=\"lazy\" decoding=\"async\" width=\"90\" height=\"90\" class=\"wp-image-453\" style=\"width: 90px;\" src=\"https:\/\/endorsec.com\/wp-content\/uploads\/2023\/06\/blind.png\" alt=\"\" srcset=\"https:\/\/endorsec.com\/wp-content\/uploads\/2023\/06\/blind.png 512w, https:\/\/endorsec.com\/wp-content\/uploads\/2023\/06\/blind-300x300.png 300w, https:\/\/endorsec.com\/wp-content\/uploads\/2023\/06\/blind-150x150.png 150w\" sizes=\"auto, (max-width: 90px) 100vw, 90px\" \/><\/h4>\n\n\n\n<h4 class=\"wp-block-heading\">Wissen, was man nicht wei\u00df<\/h4>\n\n\n\n<p>Erkennen Sie blinden Flecken &#8211; sonst k\u00f6nnen sie zum Verh\u00e4ngnis werden. Finden Sie proaktiv anf\u00e4llige Zugangspunkte, unzureichende Sicherheitskontrollen und offene Wege, die Ihre Kronjuwelen gef\u00e4hrden k\u00f6nnten, und decken Sie sie auf.<\/p>\n<\/div>\n\n\n\n<div class=\"wp-block-column is-layout-flow wp-block-column-is-layout-flow\">\n<h4 class=\"wp-block-heading\"><img loading=\"lazy\" decoding=\"async\" width=\"90\" height=\"90\" class=\"wp-image-455\" style=\"width: 90px;\" src=\"https:\/\/endorsec.com\/wp-content\/uploads\/2023\/06\/attack.png\" alt=\"\" srcset=\"https:\/\/endorsec.com\/wp-content\/uploads\/2023\/06\/attack.png 512w, https:\/\/endorsec.com\/wp-content\/uploads\/2023\/06\/attack-300x300.png 300w, https:\/\/endorsec.com\/wp-content\/uploads\/2023\/06\/attack-150x150.png 150w\" sizes=\"auto, (max-width: 90px) 100vw, 90px\" \/><\/h4>\n\n\n\n<h4 class=\"wp-block-heading\">Testen Sie Ihre Verteidigungsma\u00dfnahmen<\/h4>\n\n\n\n<p>Testen Sie Ihre Schutzma\u00dfnahmen in verschiedenen Szenarien und bewerten Sie die F\u00e4higkeit Ihres Blue Teams, Angreifer zu erkennen und zu stoppen. Trainieren Sie Ihre Teams, damit sie schnell und effektiv reagieren und Bedrohungen abwehren k\u00f6nnen. Erkennen Sie Schwachstellen in Ihrer Umgebung und sehen Sie, wie Sie sich verbessern k\u00f6nnen.<\/p>\n<\/div>\n<\/div>\n\n<p>Wir wissen, wie wichtig proaktive Sicherheitsma\u00dfnahmen sind. Unsere Red Team Engagements bieten einen ganzheitlichen Ansatz zur Identifizierung von Schwachstellen, zur Verbesserung der Reaktionsf\u00e4higkeit auf Vorf\u00e4lle und zur Verbesserung der allgemeinen Widerstandsf\u00e4higkeit. Ein Red Team Engagement trainiert Ihre internen Teams basierend auf echten Angriffsszenarien. Arbeiten Sie mit uns zusammen, um wertvolle Einblicke in die Sicherheitsbereitschaft Ihres Unternehmens zu gewinnen und Ihren Schutz vor sich entwickelnden Cyber-Bedrohungen zu st\u00e4rken. <\/p>\n","protected":false},"excerpt":{"rendered":"<p>Unser fachkundiges Red Team bietet eine umfassende und realistische Simulation realer Angriffsszenarien und hilft Ihnen, Schwachstellen aufzudecken und Ihre allgemeine Sicherheitslage zu verbessern. Ein Red-Team-Einsatz ist in der Regel viel &#8230;<\/p>\n","protected":false},"author":3,"featured_media":0,"parent":0,"menu_order":0,"comment_status":"closed","ping_status":"closed","template":"","meta":{"footnotes":""},"class_list":["post-412","page","type-page","status-publish","hentry"],"yoast_head":"<!-- This site is optimized with the Yoast SEO plugin v24.4 - https:\/\/yoast.com\/wordpress\/plugins\/seo\/ -->\n<title>Red Team Engagement - endorsec.com<\/title>\n<meta name=\"description\" content=\"Breach und Attack Simulation - Realistische Szenario-basierte Analyse. Testen Sie Ihre Abwehr - lassen Sie ethische Hacker Ihre Sicherheit verbessern\" \/>\n<meta name=\"robots\" content=\"index, follow, max-snippet:-1, max-image-preview:large, max-video-preview:-1\" \/>\n<link rel=\"canonical\" href=\"https:\/\/endorsec.com\/de\/red-team-engagement\/\" \/>\n<meta property=\"og:locale\" content=\"de_DE\" \/>\n<meta property=\"og:type\" content=\"article\" \/>\n<meta property=\"og:title\" content=\"Red Team Engagement - endorsec.com\" \/>\n<meta property=\"og:description\" content=\"Breach und Attack Simulation - Realistische Szenario-basierte Analyse. Testen Sie Ihre Abwehr - lassen Sie ethische Hacker Ihre Sicherheit verbessern\" \/>\n<meta property=\"og:url\" content=\"https:\/\/endorsec.com\/de\/red-team-engagement\/\" \/>\n<meta property=\"og:site_name\" content=\"endorsec.com\" \/>\n<meta property=\"article:modified_time\" content=\"2023-06-25T17:26:23+00:00\" \/>\n<meta property=\"og:image\" content=\"https:\/\/endorsec.com\/wp-content\/uploads\/2023\/05\/offensive-security.png\" \/>\n<meta name=\"twitter:card\" content=\"summary_large_image\" \/>\n<meta name=\"twitter:label1\" content=\"Gesch\u00e4tzte Lesezeit\" \/>\n\t<meta name=\"twitter:data1\" content=\"3\u00a0Minuten\" \/>\n<script type=\"application\/ld+json\" class=\"yoast-schema-graph\">{\"@context\":\"https:\/\/schema.org\",\"@graph\":[{\"@type\":\"WebPage\",\"@id\":\"https:\/\/endorsec.com\/de\/red-team-engagement\/\",\"url\":\"https:\/\/endorsec.com\/de\/red-team-engagement\/\",\"name\":\"Red Team Engagement - endorsec.com\",\"isPartOf\":{\"@id\":\"https:\/\/endorsec.com\/de\/#website\"},\"primaryImageOfPage\":{\"@id\":\"https:\/\/endorsec.com\/de\/red-team-engagement\/#primaryimage\"},\"image\":{\"@id\":\"https:\/\/endorsec.com\/de\/red-team-engagement\/#primaryimage\"},\"thumbnailUrl\":\"https:\/\/endorsec.com\/wp-content\/uploads\/2023\/05\/offensive-security.png\",\"datePublished\":\"2023-05-10T09:12:03+00:00\",\"dateModified\":\"2023-06-25T17:26:23+00:00\",\"description\":\"Breach und Attack Simulation - Realistische Szenario-basierte Analyse. Testen Sie Ihre Abwehr - lassen Sie ethische Hacker Ihre Sicherheit verbessern\",\"breadcrumb\":{\"@id\":\"https:\/\/endorsec.com\/de\/red-team-engagement\/#breadcrumb\"},\"inLanguage\":\"de\",\"potentialAction\":[{\"@type\":\"ReadAction\",\"target\":[\"https:\/\/endorsec.com\/de\/red-team-engagement\/\"]}]},{\"@type\":\"ImageObject\",\"inLanguage\":\"de\",\"@id\":\"https:\/\/endorsec.com\/de\/red-team-engagement\/#primaryimage\",\"url\":\"https:\/\/endorsec.com\/wp-content\/uploads\/2023\/05\/offensive-security.png\",\"contentUrl\":\"https:\/\/endorsec.com\/wp-content\/uploads\/2023\/05\/offensive-security.png\"},{\"@type\":\"BreadcrumbList\",\"@id\":\"https:\/\/endorsec.com\/de\/red-team-engagement\/#breadcrumb\",\"itemListElement\":[{\"@type\":\"ListItem\",\"position\":1,\"name\":\"Startseite\",\"item\":\"https:\/\/endorsec.com\/de\/\"},{\"@type\":\"ListItem\",\"position\":2,\"name\":\"Red Team Engagement\"}]},{\"@type\":\"WebSite\",\"@id\":\"https:\/\/endorsec.com\/de\/#website\",\"url\":\"https:\/\/endorsec.com\/de\/\",\"name\":\"endorsec.com\",\"description\":\"\",\"publisher\":{\"@id\":\"https:\/\/endorsec.com\/de\/#organization\"},\"potentialAction\":[{\"@type\":\"SearchAction\",\"target\":{\"@type\":\"EntryPoint\",\"urlTemplate\":\"https:\/\/endorsec.com\/de\/?s={search_term_string}\"},\"query-input\":{\"@type\":\"PropertyValueSpecification\",\"valueRequired\":true,\"valueName\":\"search_term_string\"}}],\"inLanguage\":\"de\"},{\"@type\":\"Organization\",\"@id\":\"https:\/\/endorsec.com\/de\/#organization\",\"name\":\"Endorsec GmbH\",\"url\":\"https:\/\/endorsec.com\/de\/\",\"logo\":{\"@type\":\"ImageObject\",\"inLanguage\":\"de\",\"@id\":\"https:\/\/endorsec.com\/de\/#\/schema\/logo\/image\/\",\"url\":\"https:\/\/endorsec.com\/wp-content\/uploads\/2023\/02\/Endorsec-Dark-bg.png\",\"contentUrl\":\"https:\/\/endorsec.com\/wp-content\/uploads\/2023\/02\/Endorsec-Dark-bg.png\",\"width\":5592,\"height\":1522,\"caption\":\"Endorsec GmbH\"},\"image\":{\"@id\":\"https:\/\/endorsec.com\/de\/#\/schema\/logo\/image\/\"},\"sameAs\":[\"https:\/\/linkedin.com\/company\/endorsec\"]}]}<\/script>\n<!-- \/ Yoast SEO plugin. -->","yoast_head_json":{"title":"Red Team Engagement - endorsec.com","description":"Breach und Attack Simulation - Realistische Szenario-basierte Analyse. Testen Sie Ihre Abwehr - lassen Sie ethische Hacker Ihre Sicherheit verbessern","robots":{"index":"index","follow":"follow","max-snippet":"max-snippet:-1","max-image-preview":"max-image-preview:large","max-video-preview":"max-video-preview:-1"},"canonical":"https:\/\/endorsec.com\/de\/red-team-engagement\/","og_locale":"de_DE","og_type":"article","og_title":"Red Team Engagement - endorsec.com","og_description":"Breach und Attack Simulation - Realistische Szenario-basierte Analyse. Testen Sie Ihre Abwehr - lassen Sie ethische Hacker Ihre Sicherheit verbessern","og_url":"https:\/\/endorsec.com\/de\/red-team-engagement\/","og_site_name":"endorsec.com","article_modified_time":"2023-06-25T17:26:23+00:00","og_image":[{"url":"https:\/\/endorsec.com\/wp-content\/uploads\/2023\/05\/offensive-security.png","type":"","width":"","height":""}],"twitter_card":"summary_large_image","twitter_misc":{"Gesch\u00e4tzte Lesezeit":"3\u00a0Minuten"},"schema":{"@context":"https:\/\/schema.org","@graph":[{"@type":"WebPage","@id":"https:\/\/endorsec.com\/de\/red-team-engagement\/","url":"https:\/\/endorsec.com\/de\/red-team-engagement\/","name":"Red Team Engagement - endorsec.com","isPartOf":{"@id":"https:\/\/endorsec.com\/de\/#website"},"primaryImageOfPage":{"@id":"https:\/\/endorsec.com\/de\/red-team-engagement\/#primaryimage"},"image":{"@id":"https:\/\/endorsec.com\/de\/red-team-engagement\/#primaryimage"},"thumbnailUrl":"https:\/\/endorsec.com\/wp-content\/uploads\/2023\/05\/offensive-security.png","datePublished":"2023-05-10T09:12:03+00:00","dateModified":"2023-06-25T17:26:23+00:00","description":"Breach und Attack Simulation - Realistische Szenario-basierte Analyse. Testen Sie Ihre Abwehr - lassen Sie ethische Hacker Ihre Sicherheit verbessern","breadcrumb":{"@id":"https:\/\/endorsec.com\/de\/red-team-engagement\/#breadcrumb"},"inLanguage":"de","potentialAction":[{"@type":"ReadAction","target":["https:\/\/endorsec.com\/de\/red-team-engagement\/"]}]},{"@type":"ImageObject","inLanguage":"de","@id":"https:\/\/endorsec.com\/de\/red-team-engagement\/#primaryimage","url":"https:\/\/endorsec.com\/wp-content\/uploads\/2023\/05\/offensive-security.png","contentUrl":"https:\/\/endorsec.com\/wp-content\/uploads\/2023\/05\/offensive-security.png"},{"@type":"BreadcrumbList","@id":"https:\/\/endorsec.com\/de\/red-team-engagement\/#breadcrumb","itemListElement":[{"@type":"ListItem","position":1,"name":"Startseite","item":"https:\/\/endorsec.com\/de\/"},{"@type":"ListItem","position":2,"name":"Red Team Engagement"}]},{"@type":"WebSite","@id":"https:\/\/endorsec.com\/de\/#website","url":"https:\/\/endorsec.com\/de\/","name":"endorsec.com","description":"","publisher":{"@id":"https:\/\/endorsec.com\/de\/#organization"},"potentialAction":[{"@type":"SearchAction","target":{"@type":"EntryPoint","urlTemplate":"https:\/\/endorsec.com\/de\/?s={search_term_string}"},"query-input":{"@type":"PropertyValueSpecification","valueRequired":true,"valueName":"search_term_string"}}],"inLanguage":"de"},{"@type":"Organization","@id":"https:\/\/endorsec.com\/de\/#organization","name":"Endorsec GmbH","url":"https:\/\/endorsec.com\/de\/","logo":{"@type":"ImageObject","inLanguage":"de","@id":"https:\/\/endorsec.com\/de\/#\/schema\/logo\/image\/","url":"https:\/\/endorsec.com\/wp-content\/uploads\/2023\/02\/Endorsec-Dark-bg.png","contentUrl":"https:\/\/endorsec.com\/wp-content\/uploads\/2023\/02\/Endorsec-Dark-bg.png","width":5592,"height":1522,"caption":"Endorsec GmbH"},"image":{"@id":"https:\/\/endorsec.com\/de\/#\/schema\/logo\/image\/"},"sameAs":["https:\/\/linkedin.com\/company\/endorsec"]}]}},"_links":{"self":[{"href":"https:\/\/endorsec.com\/de\/wp-json\/wp\/v2\/pages\/412","targetHints":{"allow":["GET"]}}],"collection":[{"href":"https:\/\/endorsec.com\/de\/wp-json\/wp\/v2\/pages"}],"about":[{"href":"https:\/\/endorsec.com\/de\/wp-json\/wp\/v2\/types\/page"}],"author":[{"embeddable":true,"href":"https:\/\/endorsec.com\/de\/wp-json\/wp\/v2\/users\/3"}],"replies":[{"embeddable":true,"href":"https:\/\/endorsec.com\/de\/wp-json\/wp\/v2\/comments?post=412"}],"version-history":[{"count":10,"href":"https:\/\/endorsec.com\/de\/wp-json\/wp\/v2\/pages\/412\/revisions"}],"predecessor-version":[{"id":487,"href":"https:\/\/endorsec.com\/de\/wp-json\/wp\/v2\/pages\/412\/revisions\/487"}],"wp:attachment":[{"href":"https:\/\/endorsec.com\/de\/wp-json\/wp\/v2\/media?parent=412"}],"curies":[{"name":"wp","href":"https:\/\/api.w.org\/{rel}","templated":true}]}}