{"id":68,"date":"2023-03-14T08:18:00","date_gmt":"2023-03-14T07:18:00","guid":{"rendered":"https:\/\/endorsec.com\/?page_id=68"},"modified":"2024-11-20T09:02:28","modified_gmt":"2024-11-20T08:02:28","slug":"impressum","status":"publish","type":"page","link":"https:\/\/endorsec.com\/de\/impressum\/","title":{"rendered":"Impressum"},"content":{"rendered":"\n<p>Informationspflicht laut \u00a7 5 TMG und Pflichtangaben gem\u00e4\u00df \u00a7 35 a GmbHG.<\/p>\n\n\n\n<p><strong>Endorsec GmbH<br><\/strong>Sollner Str. 12<br>81479 M\u00fcnchen<br>Deutschland<\/p>\n\n\n\n<p><strong>Ust-IdNr.: <\/strong>DE359738673<br><strong>Handelsregister:<\/strong> Amtsgericht M\u00fcnchen HRB 282777<\/p>\n\n\n\n<p><strong>Tel.: <\/strong>+49 89 2488 2079-0<br><strong>E-Mail:<\/strong> info@endorsec.com<\/p>\n\n\n\n<p><strong>Gesch\u00e4ftsf\u00fchrer: <\/strong>Christoph Jung, Thilo Mohri<\/p>\n\n\n\n<h3 class=\"wp-block-heading\">Haftung f\u00fcr Inhalte dieser Website<\/h3>\n\n\n\n<p>Wir entwickeln die Inhalte dieser Webseite st\u00e4ndig weiter und bem\u00fchen uns korrekte und aktuelle Informationen bereitzustellen. Laut Telemediengesetz&nbsp;<a rel=\"noreferrer noopener\" href=\"https:\/\/www.gesetze-im-internet.de\/tmg\/__7.html?tid=321211815\" target=\"_blank\">(TMG) \u00a77 (1)<\/a>&nbsp;sind wir als Diensteanbieter f\u00fcr eigene Informationen, die wir zur Nutzung bereitstellen, nach den allgemeinen Gesetzen verantwortlich. Leider k\u00f6nnen wir keine Haftung f\u00fcr die Korrektheit aller Inhalte auf dieser Webseite \u00fcbernehmen, speziell f\u00fcr jene die seitens Dritter bereitgestellt wurden. Als Diensteanbieter im Sinne der \u00a7\u00a7 8 bis 10 sind wir nicht verpflichtet, die von ihnen \u00fcbermittelten oder gespeicherten Informationen zu \u00fcberwachen oder nach Umst\u00e4nden zu forschen, die auf eine rechtswidrige T\u00e4tigkeit hinweisen.<\/p>\n\n\n\n<p>Unsere Verpflichtungen zur Entfernung von Informationen oder zur Sperrung der Nutzung von Informationen nach den allgemeinen Gesetzen aufgrund von gerichtlichen oder beh\u00f6rdlichen Anordnungen bleiben auch im Falle unserer Nichtverantwortlichkeit nach den \u00a7\u00a7 8 bis 10 unber\u00fchrt.<\/p>\n\n\n\n<p>Sollten Ihnen problematische oder rechtswidrige Inhalte auffallen, bitte wir Sie uns umgehend zu kontaktieren, damit wir die rechtswidrigen Inhalte entfernen k\u00f6nnen. Sie finden die Kontaktdaten im Impressum.<\/p>\n\n\n\n<h3 class=\"wp-block-heading\">Urheberrechtshinweis<\/h3>\n\n\n\n<p>Alle Inhalte dieser Webseite (Bilder, Fotos, Texte, Videos) unterliegen dem Urheberrecht der Bundesrepublik Deutschland. Bitte fragen Sie uns bevor Sie die Inhalte dieser Website verbreiten, vervielf\u00e4ltigen oder verwerten wie zum Beispiel auf anderen Websites erneut ver\u00f6ffentlichen. Falls notwendig, werden wir die unerlaubte Nutzung von Teilen der Inhalte unserer Seite rechtlich verfolgen.<\/p>\n\n\n\n<p>Sollten Sie auf dieser Webseite Inhalte finden, die das Urheberrecht verletzen, bitten wir Sie uns zu kontaktieren.<\/p>\n\n\n\n<h3 class=\"wp-block-heading\">Bildernachweis<\/h3>\n\n\n\n<p>Die Bilder, Fotos und Grafiken auf dieser Webseite sind urheberrechtlich gesch\u00fctzt.<\/p>\n\n\n\n<p>Die Bilderrechte liegen bei den folgenden Fotografen und Unternehmen:<\/p>\n\n\n\n<ul class=\"wp-block-list\">\n<li>Alle Bilder unterliegen entweder der&nbsp;<a href=\"https:\/\/pixabay.com\/service\/license\/\">Pixabay License<\/a>&nbsp;oder der <a href=\"https:\/\/unsplash.com\/license\" data-type=\"URL\" data-id=\"https:\/\/unsplash.com\/license\">Unsplash License<\/a> und sind f\u00fcr die kostenfreie, kommerzielle Nutzung ohne spezifische Namensnennung freigegeben.<\/li>\n\n\n\n<li><a href=\"https:\/\/www.flaticon.com\/free-icons\/cyber-security\">Cyber security icons created by SBTS2018 &#8211; Flaticon<\/a><\/li>\n<\/ul>\n\n\n\n<h3 class=\"wp-block-heading\">EU-Streitschlichtung<\/h3>\n\n\n\n<p>Gem\u00e4\u00df Verordnung \u00fcber Online-Streitbeilegung in Verbraucherangelegenheiten (ODR-Verordnung) m\u00f6chten wir Sie \u00fcber die Online-Streitbeilegungsplattform (OS-Plattform) informieren.<br>Verbraucher haben die M\u00f6glichkeit, Beschwerden an die Online Streitbeilegungsplattform der Europ\u00e4ischen Kommission unter&nbsp;<a href=\"http:\/\/ec.europa.eu\/odr\" target=\"_blank\" rel=\"noreferrer noopener\">http:\/\/ec.europa.eu\/odr<\/a>&nbsp;zu richten. Die daf\u00fcr notwendigen Kontaktdaten finden Sie oberhalb in unserem Impressum.<\/p>\n\n\n\n<p>Wir m\u00f6chten Sie jedoch darauf hinweisen, dass wir nicht bereit oder verpflichtet sind, an Streitbeilegungsverfahren vor einer Verbraucherschlichtungsstelle teilzunehmen.<\/p>\n","protected":false},"excerpt":{"rendered":"<p>Informationspflicht laut \u00a7 5 TMG und Pflichtangaben gem\u00e4\u00df \u00a7 35 a GmbHG. Endorsec GmbHSollner Str. 1281479 M\u00fcnchenDeutschland Ust-IdNr.: DE359738673Handelsregister: Amtsgericht M\u00fcnchen HRB 282777 Tel.: +49 89 2488 2079-0E-Mail: info@endorsec.com Gesch\u00e4ftsf\u00fchrer: &#8230;<\/p>\n","protected":false},"author":3,"featured_media":0,"parent":0,"menu_order":0,"comment_status":"closed","ping_status":"closed","template":"","meta":{"footnotes":""},"class_list":["post-68","page","type-page","status-publish","hentry"],"yoast_head":"<!-- This site is optimized with the Yoast SEO plugin v24.4 - https:\/\/yoast.com\/wordpress\/plugins\/seo\/ -->\n<title>Impressum - endorsec.com<\/title>\n<meta name=\"robots\" content=\"noindex, nofollow\" \/>\n<meta property=\"og:locale\" content=\"de_DE\" \/>\n<meta property=\"og:type\" content=\"article\" \/>\n<meta property=\"og:title\" content=\"Impressum - endorsec.com\" \/>\n<meta property=\"og:description\" content=\"Informationspflicht laut \u00a7 5 TMG und Pflichtangaben gem\u00e4\u00df \u00a7 35 a GmbHG. Endorsec GmbHSollner Str. 1281479 M\u00fcnchenDeutschland Ust-IdNr.: DE359738673Handelsregister: Amtsgericht M\u00fcnchen HRB 282777 Tel.: +49 89 2488 2079-0E-Mail: info@endorsec.com Gesch\u00e4ftsf\u00fchrer: ...\" \/>\n<meta property=\"og:url\" content=\"https:\/\/endorsec.com\/de\/impressum\/\" \/>\n<meta property=\"og:site_name\" content=\"endorsec.com\" \/>\n<meta property=\"article:modified_time\" content=\"2024-11-20T08:02:28+00:00\" \/>\n<meta name=\"twitter:card\" content=\"summary_large_image\" \/>\n<meta name=\"twitter:label1\" content=\"Gesch\u00e4tzte Lesezeit\" \/>\n\t<meta name=\"twitter:data1\" content=\"3\u00a0Minuten\" \/>\n<script type=\"application\/ld+json\" class=\"yoast-schema-graph\">{\"@context\":\"https:\/\/schema.org\",\"@graph\":[{\"@type\":\"WebPage\",\"@id\":\"https:\/\/endorsec.com\/de\/impressum\/\",\"url\":\"https:\/\/endorsec.com\/de\/impressum\/\",\"name\":\"Impressum - endorsec.com\",\"isPartOf\":{\"@id\":\"https:\/\/endorsec.com\/de\/#website\"},\"datePublished\":\"2023-03-14T07:18:00+00:00\",\"dateModified\":\"2024-11-20T08:02:28+00:00\",\"breadcrumb\":{\"@id\":\"https:\/\/endorsec.com\/de\/impressum\/#breadcrumb\"},\"inLanguage\":\"de\",\"potentialAction\":[{\"@type\":\"ReadAction\",\"target\":[\"https:\/\/endorsec.com\/de\/impressum\/\"]}]},{\"@type\":\"BreadcrumbList\",\"@id\":\"https:\/\/endorsec.com\/de\/impressum\/#breadcrumb\",\"itemListElement\":[{\"@type\":\"ListItem\",\"position\":1,\"name\":\"Startseite\",\"item\":\"https:\/\/endorsec.com\/de\/\"},{\"@type\":\"ListItem\",\"position\":2,\"name\":\"Impressum\"}]},{\"@type\":\"WebSite\",\"@id\":\"https:\/\/endorsec.com\/de\/#website\",\"url\":\"https:\/\/endorsec.com\/de\/\",\"name\":\"endorsec.com\",\"description\":\"\",\"publisher\":{\"@id\":\"https:\/\/endorsec.com\/de\/#organization\"},\"potentialAction\":[{\"@type\":\"SearchAction\",\"target\":{\"@type\":\"EntryPoint\",\"urlTemplate\":\"https:\/\/endorsec.com\/de\/?s={search_term_string}\"},\"query-input\":{\"@type\":\"PropertyValueSpecification\",\"valueRequired\":true,\"valueName\":\"search_term_string\"}}],\"inLanguage\":\"de\"},{\"@type\":\"Organization\",\"@id\":\"https:\/\/endorsec.com\/de\/#organization\",\"name\":\"Endorsec GmbH\",\"url\":\"https:\/\/endorsec.com\/de\/\",\"logo\":{\"@type\":\"ImageObject\",\"inLanguage\":\"de\",\"@id\":\"https:\/\/endorsec.com\/de\/#\/schema\/logo\/image\/\",\"url\":\"https:\/\/endorsec.com\/wp-content\/uploads\/2023\/02\/Endorsec-Dark-bg.png\",\"contentUrl\":\"https:\/\/endorsec.com\/wp-content\/uploads\/2023\/02\/Endorsec-Dark-bg.png\",\"width\":5592,\"height\":1522,\"caption\":\"Endorsec GmbH\"},\"image\":{\"@id\":\"https:\/\/endorsec.com\/de\/#\/schema\/logo\/image\/\"},\"sameAs\":[\"https:\/\/linkedin.com\/company\/endorsec\"]}]}<\/script>\n<!-- \/ Yoast SEO plugin. -->","yoast_head_json":{"title":"Impressum - endorsec.com","robots":{"index":"noindex","follow":"nofollow"},"og_locale":"de_DE","og_type":"article","og_title":"Impressum - endorsec.com","og_description":"Informationspflicht laut \u00a7 5 TMG und Pflichtangaben gem\u00e4\u00df \u00a7 35 a GmbHG. Endorsec GmbHSollner Str. 1281479 M\u00fcnchenDeutschland Ust-IdNr.: DE359738673Handelsregister: Amtsgericht M\u00fcnchen HRB 282777 Tel.: +49 89 2488 2079-0E-Mail: info@endorsec.com Gesch\u00e4ftsf\u00fchrer: ...","og_url":"https:\/\/endorsec.com\/de\/impressum\/","og_site_name":"endorsec.com","article_modified_time":"2024-11-20T08:02:28+00:00","twitter_card":"summary_large_image","twitter_misc":{"Gesch\u00e4tzte Lesezeit":"3\u00a0Minuten"},"schema":{"@context":"https:\/\/schema.org","@graph":[{"@type":"WebPage","@id":"https:\/\/endorsec.com\/de\/impressum\/","url":"https:\/\/endorsec.com\/de\/impressum\/","name":"Impressum - endorsec.com","isPartOf":{"@id":"https:\/\/endorsec.com\/de\/#website"},"datePublished":"2023-03-14T07:18:00+00:00","dateModified":"2024-11-20T08:02:28+00:00","breadcrumb":{"@id":"https:\/\/endorsec.com\/de\/impressum\/#breadcrumb"},"inLanguage":"de","potentialAction":[{"@type":"ReadAction","target":["https:\/\/endorsec.com\/de\/impressum\/"]}]},{"@type":"BreadcrumbList","@id":"https:\/\/endorsec.com\/de\/impressum\/#breadcrumb","itemListElement":[{"@type":"ListItem","position":1,"name":"Startseite","item":"https:\/\/endorsec.com\/de\/"},{"@type":"ListItem","position":2,"name":"Impressum"}]},{"@type":"WebSite","@id":"https:\/\/endorsec.com\/de\/#website","url":"https:\/\/endorsec.com\/de\/","name":"endorsec.com","description":"","publisher":{"@id":"https:\/\/endorsec.com\/de\/#organization"},"potentialAction":[{"@type":"SearchAction","target":{"@type":"EntryPoint","urlTemplate":"https:\/\/endorsec.com\/de\/?s={search_term_string}"},"query-input":{"@type":"PropertyValueSpecification","valueRequired":true,"valueName":"search_term_string"}}],"inLanguage":"de"},{"@type":"Organization","@id":"https:\/\/endorsec.com\/de\/#organization","name":"Endorsec GmbH","url":"https:\/\/endorsec.com\/de\/","logo":{"@type":"ImageObject","inLanguage":"de","@id":"https:\/\/endorsec.com\/de\/#\/schema\/logo\/image\/","url":"https:\/\/endorsec.com\/wp-content\/uploads\/2023\/02\/Endorsec-Dark-bg.png","contentUrl":"https:\/\/endorsec.com\/wp-content\/uploads\/2023\/02\/Endorsec-Dark-bg.png","width":5592,"height":1522,"caption":"Endorsec GmbH"},"image":{"@id":"https:\/\/endorsec.com\/de\/#\/schema\/logo\/image\/"},"sameAs":["https:\/\/linkedin.com\/company\/endorsec"]}]}},"_links":{"self":[{"href":"https:\/\/endorsec.com\/de\/wp-json\/wp\/v2\/pages\/68","targetHints":{"allow":["GET"]}}],"collection":[{"href":"https:\/\/endorsec.com\/de\/wp-json\/wp\/v2\/pages"}],"about":[{"href":"https:\/\/endorsec.com\/de\/wp-json\/wp\/v2\/types\/page"}],"author":[{"embeddable":true,"href":"https:\/\/endorsec.com\/de\/wp-json\/wp\/v2\/users\/3"}],"replies":[{"embeddable":true,"href":"https:\/\/endorsec.com\/de\/wp-json\/wp\/v2\/comments?post=68"}],"version-history":[{"count":8,"href":"https:\/\/endorsec.com\/de\/wp-json\/wp\/v2\/pages\/68\/revisions"}],"predecessor-version":[{"id":503,"href":"https:\/\/endorsec.com\/de\/wp-json\/wp\/v2\/pages\/68\/revisions\/503"}],"wp:attachment":[{"href":"https:\/\/endorsec.com\/de\/wp-json\/wp\/v2\/media?parent=68"}],"curies":[{"name":"wp","href":"https:\/\/api.w.org\/{rel}","templated":true}]}}